{"id":65521,"date":"2016-04-19T11:19:56","date_gmt":"2016-04-19T14:19:56","guid":{"rendered":"https:\/\/za.mus.br\/?page_id=65521&#038;lang=en"},"modified":"2018-11-29T17:55:29","modified_gmt":"2018-11-29T19:55:29","slug":"get-paid-to-write-about-the-music-business","status":"publish","type":"page","link":"https:\/\/za.mus.br\/en\/get-paid-to-write-about-the-music-business\/","title":{"rendered":"Get paid to write about the music business"},"content":{"rendered":"<p>\u00c9 isso, mesmo!\u00a0N\u00f3s pagamos para voc\u00ea espalhar seu conhecimento!<\/p>\n<p><span style=\"font-weight: 400;\">Voc\u00ea se interessa pela mercado da m\u00fasica e tem algo a dizer sobre esta ind\u00fastria? Ent\u00e3o temos uma proposta para voc\u00ea!<\/span><\/p>\n<p><span style=\"font-weight: 400;\">A <a href=\"\/zamus\">ZAmus<\/a>, acima de tudo, tem por fundamento a busca pela sustentabilidade nos neg\u00f3cios envolvendo m\u00fasica.<\/span><\/p>\n<p><span style=\"font-weight: 400;\">Para isso, nossos atos s\u00e3o regidos pela inten\u00e7\u00e3o de fazer o dinheiro fluir na classe art\u00edstica seja atrav\u00e9s de neg\u00f3cios, de elabora\u00e7\u00e3o de solu\u00e7\u00f5es tecnol\u00f3gicas e\/ou atrav\u00e9s de est\u00edmulo ao conhecimento em <a href=\"\/tag\/palestras\">palestras<\/a>, <em><a href=\"\/tag\/workshops\">workshops<\/a><\/em> e <a href=\"\/tag\/cursos\">cursos<\/a> al\u00e9m de gerar conte\u00fado instrutivo e necess\u00e1rio para a classe.<\/span><\/p>\n<blockquote><p><span style=\"font-weight: 400;\">Queremos ouvir o que voc\u00ea tem a falar sobre o mundo da m\u00fasica e estamos dispostos a pagar para voc\u00ea realizar esta tarefa.<\/span><\/p><\/blockquote>\n<p><span style=\"font-weight: 400;\">Estamos interessados em diversos conte\u00fados sobre a cadeia produtiva da m\u00fasica, principalmente aqueles com \u00eanfase em <a href=\"\/negocios\">neg\u00f3cios<\/a>, <a href=\"\/analises\">an\u00e1lises<\/a> e <a href=\"\/tutoriais\">tutoriais<\/a>.<\/span><\/p>\n<p><span style=\"font-weight: 400;\">Se voc\u00ea se deparou com um novo servi\u00e7o de m\u00fasica ou um diferencial em alguma plataforma ou simplesmente quer explicar como melhor utilizar um app espec\u00edfico ou um neg\u00f3cio, um trabalho, forma de atua\u00e7\u00e3o espec\u00edfica ou at\u00e9 mesmo tem um ponto de vista interessante sobre algum assunto alusivo \u00e0 cena musical e \u00e0 ind\u00fastria da m\u00fasica, escreva um artigo sobre o assunto, ganhe uma graninha e ajude na transmiss\u00e3o de conhecimento na cena musical e na sustentabilidade art\u00edstica.<\/span><\/p>\n<p><strong>Para isso \u00e9 necess\u00e1rio:<\/strong><\/p>\n<ol>\n<li>Bom uso da\u00a0<strong>l\u00edngua<span style=\"font-weight: 400;\">\u00a0portuguesa<\/span><\/strong>;<\/li>\n<li style=\"font-weight: 400;\"><span style=\"font-weight: 400;\"><strong>Evite ironia e sarcasmo<\/strong>. Na maioria das vezes tais recursos mal utilizados geram apenas agressividade e rejei\u00e7\u00e3o ao texto;<\/span><\/li>\n<li style=\"font-weight: 400;\"><span style=\"font-weight: 400;\">Tente expor no texto<strong> ideias fundamentadas na empatia<\/strong>, toler\u00e2ncia e respeito ao di\u00e1logo;<\/span><\/li>\n<li style=\"font-weight: 400;\"><span style=\"font-weight: 400;\"><strong>Cr\u00edticas s\u00e3o bem vindas<\/strong> desde que coerentes e bem estruturadas;<\/span><\/li>\n<li style=\"font-weight: 400;\"><span style=\"font-weight: 400;\"><strong>Evite fal\u00e1cias l\u00f3gicas<\/strong>. Leia sobre o assunto <\/span><a href=\"http:\/\/www.papodehomem.com.br\/falacias-logicas?track_slug=como-cultivar-melhores-conversas-na-web\" target=\"_blank\"><span style=\"font-weight: 400;\">aqui<\/span><\/a><span style=\"font-weight: 400;\">;<\/span><\/li>\n<li style=\"font-weight: 400;\"><span style=\"font-weight: 400;\">Os textos, de prefer\u00eancia, devem promover o <strong>embate de ideias<\/strong>, abordagens, vis\u00f5es, discursos e posturas, <strong>jamais de pessoas<\/strong>. Entenda que \u00e9 poss\u00edvel discordar veementemente de algo ou algu\u00e9m de maneira n\u00e3o agressiva.<\/span><\/li>\n<\/ol>\n<p><span style=\"font-weight: 400;\">Entendido este primeiro passo o pr\u00f3ximo \u00e9 s\u00f3 alegria e escrever.<\/span><\/p>\n<p><span style=\"font-weight: 400;\">Funciona da seguinte forma:<\/span><\/p>\n<ol>\n<li style=\"font-weight: 400;\"><span style=\"font-weight: 400;\">Escolha um tema condizente com o mundo da m\u00fasica e que <strong>ainda n\u00e3o tenha sido objeto de um texto<\/strong> no blog;<\/span><\/li>\n<li style=\"font-weight: 400;\"><span style=\"font-weight: 400;\">Preencha o formul\u00e1rio\u00a0abaixo, que cadastrar\u00e1 o seu texto para aprecia\u00e7\u00e3o da equipe de edi\u00e7\u00e3o;<\/span><\/li>\n<li style=\"font-weight: 400;\">Ao submeter\u00a0o formul\u00e1rio <strong>voc\u00ea declara estar ciente e concordar com a edi\u00e7\u00e3o, publica\u00e7\u00e3o e a utiliza\u00e7\u00e3o do texto<\/strong> pela Zamus nos termos aqui descritos;<\/li>\n<li style=\"font-weight: 400;\"><span style=\"font-weight: 400;\"><strong>Evite textos cuja abordagem central seja a sua pr\u00f3pria opini\u00e3o<\/strong>, a n\u00e3o ser que seja alguma an\u00e1lise pessoal de algum servi\u00e7o na \u00e1rea da m\u00fasica, neste caso, evidencie as qualidades e defeitos do servi\u00e7o para possibilitar ampla vis\u00e3o aos demais leitores do blog;<\/span><\/li>\n<li style=\"font-weight: 400;\"><span style=\"font-weight: 400;\">Tente <strong>abordar j\u00e1 no primeiro par\u00e1grafo um resumo da sua opini\u00e3o<\/strong> sobre o assunto deixando o texto mais linear e de f\u00e1cil compreens\u00e3o;<\/span><\/li>\n<li style=\"font-weight: 400;\"><span style=\"font-weight: 400;\">\u00c9 necess\u00e1rio que o texto tenha um t\u00edtulo e j\u00e1 venha com um resumo de 130 caracteres (a parte do texto) cujo teor deve ressaltar o ponto principal de forma clara e concisa;<\/span><\/li>\n<li style=\"font-weight: 400;\"><span style=\"font-weight: 400;\">Caso haja a necessidade de alguma imagem descritiva para a postagem ou para deixar o texto mais claro e de f\u00e1cil compreens\u00e3o, \u00e9 necess\u00e1rio relatar em um campo a parte a <strong>ideia da ilustra\u00e7\u00e3o<\/strong> para possibilitar ao pessoal respons\u00e1vel pelas ilustra\u00e7\u00f5es captarem a ess\u00eancia e a import\u00e2ncia da imagem para o texto e para a compreens\u00e3o dos leitores;<\/span><\/li>\n<li style=\"font-weight: 400;\"><span style=\"font-weight: 400;\">Tente ao m\u00e1ximo criar textos com<strong> conte\u00fado atemporal<\/strong>, ou seja, que n\u00e3o sejam ef\u00eameros ou baseado em modismos;<\/span><\/li>\n<li style=\"font-weight: 400;\"><span style=\"font-weight: 400;\">De prefer\u00eancia <strong>defina o p\u00fablico da sua mat\u00e9ria<\/strong>. Exemplo: ao inv\u00e9s de utilizar \u201cusu\u00e1rio vai subir as m\u00fasicas\u201d utilize \u201co artista, o selo, produtor\u201d, etc;<\/span><\/li>\n<li style=\"font-weight: 400;\"><span style=\"font-weight: 400;\"><strong>Palavras em outra lingua destaque-as em it\u00e1lico<\/strong>;<\/span><\/li>\n<li style=\"font-weight: 400;\"><span style=\"font-weight: 400;\"><strong>Enrique\u00e7a o texto<\/strong> com links e exemplo pr\u00e1ticos de prefer\u00eancia citando outros sites de teor confi\u00e1vel e exemplos enriquecedores dentro do tema abordado;<\/span><\/li>\n<li style=\"font-weight: 400;\"><span style=\"font-weight: 400;\">Seus dados para pagamentos ser\u00e3o requisitados no ato da aprova\u00e7\u00e3o do seu texto para publica\u00e7\u00e3o, no qual voc\u00ea receber\u00e1 um e-mail de aviso;<\/span><\/li>\n<li style=\"font-weight: 400;\"><span style=\"font-weight: 400;\">O texto ser\u00e1 analisado pela equipe respons\u00e1vel pela edi\u00e7\u00e3o e conte\u00fado. Ao ser publicado o texto depositaremos o valor de <strong>R$ 25,00<\/strong> na sua conta.<\/span><\/li>\n<\/ol>\n<p><span style=\"font-weight: 400;\">A colabora\u00e7\u00e3o com o blog visa estimular a criatividade dos apaixonados por m\u00fasica e neg\u00f3cios e criar uma rede de discuss\u00e3o sobre a cadeia produtiva da m\u00fasica al\u00e9m de promover a sustentabilidade da arte.<\/span><\/p>\n<p><span style=\"font-weight: 400;\">Contamos com voc\u00eas.<\/span><\/p>\n<p>&nbsp;<\/p>\n<hr \/>\n<p>&nbsp;<\/p>\n<p>\u00c9 preciso fazer <a class=\"kleo-show-login\" href=\"https:\/\/za.mus.br\/wp-login.php\">login<\/a> para enviar um texto.<\/p>\n","protected":false},"excerpt":{"rendered":"<p>\u00c9 isso, mesmo!\u00a0N\u00f3s pagamos para voc\u00ea espalhar seu conhecimento! Voc\u00ea se interessa pela mercado da m\u00fasica e tem algo a dizer sobre esta ind\u00fastria? Ent\u00e3o temos uma proposta para voc\u00ea! A ZAmus, acima de tudo, tem por fundamento a busca pela sustentabilidade nos neg\u00f3cios envolvendo m\u00fasica. Para isso, nossos atos s\u00e3o regidos pela inten\u00e7\u00e3o de fazer o dinheiro fluir na [&hellip;]<\/p>\n","protected":false},"author":2,"featured_media":73373,"parent":0,"menu_order":0,"comment_status":"closed","ping_status":"closed","template":"","meta":{"footnotes":""},"tags":[],"class_list":["post-65521","page","type-page","status-publish","has-post-thumbnail","hentry"],"yoast_head":"<!-- This site is optimized with the Yoast SEO plugin v27.2 - https:\/\/yoast.com\/product\/yoast-seo-wordpress\/ -->\n<title>Get paid to write about the music business - Zamus<\/title>\n<meta name=\"robots\" content=\"index, follow, max-snippet:-1, max-image-preview:large, max-video-preview:-1\" \/>\n<link rel=\"canonical\" href=\"https:\/\/za.mus.br\/en\/get-paid-to-write-about-the-music-business\/\" \/>\n<meta property=\"og:locale\" content=\"en_US\" \/>\n<meta property=\"og:type\" content=\"article\" \/>\n<meta property=\"og:title\" content=\"Get paid to write about the music business - Zamus\" \/>\n<meta property=\"og:description\" content=\"\u00c9 isso, mesmo!\u00a0N\u00f3s pagamos para voc\u00ea espalhar seu conhecimento! Voc\u00ea se interessa pela mercado da m\u00fasica e tem algo a dizer sobre esta ind\u00fastria? Ent\u00e3o temos uma proposta para voc\u00ea! A ZAmus, acima de tudo, tem por fundamento a busca pela sustentabilidade nos neg\u00f3cios envolvendo m\u00fasica. Para isso, nossos atos s\u00e3o regidos pela inten\u00e7\u00e3o de fazer o dinheiro fluir na [&hellip;]\" \/>\n<meta property=\"og:url\" content=\"https:\/\/za.mus.br\/en\/get-paid-to-write-about-the-music-business\/\" \/>\n<meta property=\"og:site_name\" content=\"Zamus\" \/>\n<meta property=\"article:publisher\" content=\"http:\/\/facebook.com\/zamus\" \/>\n<meta property=\"article:modified_time\" content=\"2018-11-29T19:55:29+00:00\" \/>\n<meta property=\"og:image\" content=\"https:\/\/i1.wp.com\/za.mus.br\/wp-content\/uploads\/Ganhe-para-escrever-sobre-neg\u00f3cios-de-m\u00fasica.jpg?fit=1280%2C366&ssl=1\" \/>\n\t<meta property=\"og:image:width\" content=\"1280\" \/>\n\t<meta property=\"og:image:height\" content=\"366\" \/>\n\t<meta property=\"og:image:type\" content=\"image\/jpeg\" \/>\n<meta name=\"twitter:card\" content=\"summary_large_image\" \/>\n<meta name=\"twitter:site\" content=\"@zamusbr\" \/>\n<meta name=\"twitter:label1\" content=\"Est. reading time\" \/>\n\t<meta name=\"twitter:data1\" content=\"4 minutes\" \/>\n<script type=\"application\/ld+json\" class=\"yoast-schema-graph\">{\"@context\":\"https:\/\/schema.org\",\"@graph\":[{\"@type\":\"WebPage\",\"@id\":\"https:\/\/za.mus.br\/en\/get-paid-to-write-about-the-music-business\/\",\"url\":\"https:\/\/za.mus.br\/en\/get-paid-to-write-about-the-music-business\/\",\"name\":\"Get paid to write about the music business - Zamus\",\"isPartOf\":{\"@id\":\"https:\/\/za.mus.br\/#website\"},\"primaryImageOfPage\":{\"@id\":\"https:\/\/za.mus.br\/en\/get-paid-to-write-about-the-music-business\/#primaryimage\"},\"image\":{\"@id\":\"https:\/\/za.mus.br\/en\/get-paid-to-write-about-the-music-business\/#primaryimage\"},\"thumbnailUrl\":\"https:\/\/i0.wp.com\/za.mus.br\/wp-content\/uploads\/Ganhe-para-escrever-sobre-neg%C3%B3cios-de-m%C3%BAsica.jpg?fit=1280%2C366&ssl=1\",\"datePublished\":\"2016-04-19T14:19:56+00:00\",\"dateModified\":\"2018-11-29T19:55:29+00:00\",\"breadcrumb\":{\"@id\":\"https:\/\/za.mus.br\/en\/get-paid-to-write-about-the-music-business\/#breadcrumb\"},\"inLanguage\":\"en-US\",\"potentialAction\":[{\"@type\":\"ReadAction\",\"target\":[\"https:\/\/za.mus.br\/en\/get-paid-to-write-about-the-music-business\/\"]}]},{\"@type\":\"ImageObject\",\"inLanguage\":\"en-US\",\"@id\":\"https:\/\/za.mus.br\/en\/get-paid-to-write-about-the-music-business\/#primaryimage\",\"url\":\"https:\/\/i0.wp.com\/za.mus.br\/wp-content\/uploads\/Ganhe-para-escrever-sobre-neg%C3%B3cios-de-m%C3%BAsica.jpg?fit=1280%2C366&ssl=1\",\"contentUrl\":\"https:\/\/i0.wp.com\/za.mus.br\/wp-content\/uploads\/Ganhe-para-escrever-sobre-neg%C3%B3cios-de-m%C3%BAsica.jpg?fit=1280%2C366&ssl=1\",\"width\":1280,\"height\":366},{\"@type\":\"BreadcrumbList\",\"@id\":\"https:\/\/za.mus.br\/en\/get-paid-to-write-about-the-music-business\/#breadcrumb\",\"itemListElement\":[{\"@type\":\"ListItem\",\"position\":1,\"name\":\"In\u00edcio\",\"item\":\"https:\/\/za.mus.br\/en\/\"},{\"@type\":\"ListItem\",\"position\":2,\"name\":\"Get paid to write about the music business\"}]},{\"@type\":\"WebSite\",\"@id\":\"https:\/\/za.mus.br\/#website\",\"url\":\"https:\/\/za.mus.br\/\",\"name\":\"Zamus\",\"description\":\"The New Music Market\",\"potentialAction\":[{\"@type\":\"SearchAction\",\"target\":{\"@type\":\"EntryPoint\",\"urlTemplate\":\"https:\/\/za.mus.br\/?s={search_term_string}\"},\"query-input\":{\"@type\":\"PropertyValueSpecification\",\"valueRequired\":true,\"valueName\":\"search_term_string\"}}],\"inLanguage\":\"en-US\"}]}<\/script>\n<!-- \/ Yoast SEO plugin. -->","yoast_head_json":{"title":"Get paid to write about the music business - Zamus","robots":{"index":"index","follow":"follow","max-snippet":"max-snippet:-1","max-image-preview":"max-image-preview:large","max-video-preview":"max-video-preview:-1"},"canonical":"https:\/\/za.mus.br\/en\/get-paid-to-write-about-the-music-business\/","og_locale":"en_US","og_type":"article","og_title":"Get paid to write about the music business - Zamus","og_description":"\u00c9 isso, mesmo!\u00a0N\u00f3s pagamos para voc\u00ea espalhar seu conhecimento! Voc\u00ea se interessa pela mercado da m\u00fasica e tem algo a dizer sobre esta ind\u00fastria? Ent\u00e3o temos uma proposta para voc\u00ea! A ZAmus, acima de tudo, tem por fundamento a busca pela sustentabilidade nos neg\u00f3cios envolvendo m\u00fasica. Para isso, nossos atos s\u00e3o regidos pela inten\u00e7\u00e3o de fazer o dinheiro fluir na [&hellip;]","og_url":"https:\/\/za.mus.br\/en\/get-paid-to-write-about-the-music-business\/","og_site_name":"Zamus","article_publisher":"http:\/\/facebook.com\/zamus","article_modified_time":"2018-11-29T19:55:29+00:00","og_image":[{"width":1280,"height":366,"url":"https:\/\/i1.wp.com\/za.mus.br\/wp-content\/uploads\/Ganhe-para-escrever-sobre-neg\u00f3cios-de-m\u00fasica.jpg?fit=1280%2C366&ssl=1","type":"image\/jpeg"}],"twitter_card":"summary_large_image","twitter_site":"@zamusbr","twitter_misc":{"Est. reading time":"4 minutes"},"schema":{"@context":"https:\/\/schema.org","@graph":[{"@type":"WebPage","@id":"https:\/\/za.mus.br\/en\/get-paid-to-write-about-the-music-business\/","url":"https:\/\/za.mus.br\/en\/get-paid-to-write-about-the-music-business\/","name":"Get paid to write about the music business - Zamus","isPartOf":{"@id":"https:\/\/za.mus.br\/#website"},"primaryImageOfPage":{"@id":"https:\/\/za.mus.br\/en\/get-paid-to-write-about-the-music-business\/#primaryimage"},"image":{"@id":"https:\/\/za.mus.br\/en\/get-paid-to-write-about-the-music-business\/#primaryimage"},"thumbnailUrl":"https:\/\/i0.wp.com\/za.mus.br\/wp-content\/uploads\/Ganhe-para-escrever-sobre-neg%C3%B3cios-de-m%C3%BAsica.jpg?fit=1280%2C366&ssl=1","datePublished":"2016-04-19T14:19:56+00:00","dateModified":"2018-11-29T19:55:29+00:00","breadcrumb":{"@id":"https:\/\/za.mus.br\/en\/get-paid-to-write-about-the-music-business\/#breadcrumb"},"inLanguage":"en-US","potentialAction":[{"@type":"ReadAction","target":["https:\/\/za.mus.br\/en\/get-paid-to-write-about-the-music-business\/"]}]},{"@type":"ImageObject","inLanguage":"en-US","@id":"https:\/\/za.mus.br\/en\/get-paid-to-write-about-the-music-business\/#primaryimage","url":"https:\/\/i0.wp.com\/za.mus.br\/wp-content\/uploads\/Ganhe-para-escrever-sobre-neg%C3%B3cios-de-m%C3%BAsica.jpg?fit=1280%2C366&ssl=1","contentUrl":"https:\/\/i0.wp.com\/za.mus.br\/wp-content\/uploads\/Ganhe-para-escrever-sobre-neg%C3%B3cios-de-m%C3%BAsica.jpg?fit=1280%2C366&ssl=1","width":1280,"height":366},{"@type":"BreadcrumbList","@id":"https:\/\/za.mus.br\/en\/get-paid-to-write-about-the-music-business\/#breadcrumb","itemListElement":[{"@type":"ListItem","position":1,"name":"In\u00edcio","item":"https:\/\/za.mus.br\/en\/"},{"@type":"ListItem","position":2,"name":"Get paid to write about the music business"}]},{"@type":"WebSite","@id":"https:\/\/za.mus.br\/#website","url":"https:\/\/za.mus.br\/","name":"Zamus","description":"The New Music Market","potentialAction":[{"@type":"SearchAction","target":{"@type":"EntryPoint","urlTemplate":"https:\/\/za.mus.br\/?s={search_term_string}"},"query-input":{"@type":"PropertyValueSpecification","valueRequired":true,"valueName":"search_term_string"}}],"inLanguage":"en-US"}]}},"jetpack_sharing_enabled":true,"_links":{"self":[{"href":"https:\/\/za.mus.br\/en\/wp-json\/wp\/v2\/pages\/65521","targetHints":{"allow":["GET"]}}],"collection":[{"href":"https:\/\/za.mus.br\/en\/wp-json\/wp\/v2\/pages"}],"about":[{"href":"https:\/\/za.mus.br\/en\/wp-json\/wp\/v2\/types\/page"}],"author":[{"embeddable":true,"href":"https:\/\/za.mus.br\/en\/wp-json\/wp\/v2\/users\/2"}],"replies":[{"embeddable":true,"href":"https:\/\/za.mus.br\/en\/wp-json\/wp\/v2\/comments?post=65521"}],"version-history":[{"count":1,"href":"https:\/\/za.mus.br\/en\/wp-json\/wp\/v2\/pages\/65521\/revisions"}],"predecessor-version":[{"id":65528,"href":"https:\/\/za.mus.br\/en\/wp-json\/wp\/v2\/pages\/65521\/revisions\/65528"}],"wp:featuredmedia":[{"embeddable":true,"href":"https:\/\/za.mus.br\/en\/wp-json\/wp\/v2\/media\/73373"}],"wp:attachment":[{"href":"https:\/\/za.mus.br\/en\/wp-json\/wp\/v2\/media?parent=65521"}],"wp:term":[{"taxonomy":"post_tag","embeddable":true,"href":"https:\/\/za.mus.br\/en\/wp-json\/wp\/v2\/tags?post=65521"}],"curies":[{"name":"wp","href":"https:\/\/api.w.org\/{rel}","templated":true}]}}